{"id":457,"date":"2023-07-11T07:36:42","date_gmt":"2023-07-11T07:36:42","guid":{"rendered":"https:\/\/maritimhistorisk.dk\/?page_id=457"},"modified":"2026-04-16T20:20:07","modified_gmt":"2026-04-16T20:20:07","slug":"forside","status":"publish","type":"page","link":"https:\/\/maritimhistorisk.dk\/","title":{"rendered":"Velkommen."},"content":{"rendered":"\n<p><mark style=\"background-color:#f2f2f2\" class=\"has-inline-color has-black-color\"><strong>Maritimhistorisk Selskab<\/strong> har som et af sine selvf\u00f8lgelige form\u00e5l at fremme interessen for den maritime historie.<br>Det sker ved at arrangerer og holde foredrag samt udgivelse af et \u00e5rsskrift og andre relevante publikationer. <\/mark><\/p>\n\n\n<div class=\"wp-block-image\">\n<figure class=\"aligncenter size-large\"><img loading=\"lazy\" decoding=\"async\" width=\"688\" height=\"1024\" src=\"https:\/\/maritimhistorisk.dk\/wp-content\/uploads\/2026\/04\/F-029945-1-688x1024.jpg\" alt=\"\" class=\"wp-image-1384\" srcset=\"https:\/\/maritimhistorisk.dk\/wp-content\/uploads\/2026\/04\/F-029945-1-688x1024.jpg 688w, https:\/\/maritimhistorisk.dk\/wp-content\/uploads\/2026\/04\/F-029945-1-202x300.jpg 202w, https:\/\/maritimhistorisk.dk\/wp-content\/uploads\/2026\/04\/F-029945-1-768x1142.jpg 768w, https:\/\/maritimhistorisk.dk\/wp-content\/uploads\/2026\/04\/F-029945-1-1033x1536.jpg 1033w, https:\/\/maritimhistorisk.dk\/wp-content\/uploads\/2026\/04\/F-029945-1.jpg 1331w\" sizes=\"auto, (max-width: 688px) 100vw, 688px\" \/><\/figure>\n<\/div>\n\n\n<p><strong><mark style=\"background-color:rgba(0, 0, 0, 0)\" class=\"has-inline-color has-black-color\">Mindeord.<\/mark><\/strong><\/p>\n\n\n\n<p>Erik Rytter, Husby<br>er g\u00e5et bort.<\/p>\n\n\n\n<p>Erik sov stille ind p\u00e5 G\u00f8dstrup Hospital torsdag den 16. april omgivet af sin n\u00e6re familie.<\/p>\n\n\n\n<p>Erik var ikke noget almindeligt menneske han var n\u00e6rmest en multikunstner, men jo ogs\u00e5 s\u00f8n af kunstneren Poul Rytter.<\/p>\n\n\n\n<p>Erik var uddannet skolel\u00e6rer og radiotelegrafist, og gennem sit lange liv var han besk\u00e6ftiget med opgaver i mange lande, hvor Gr\u00f8nland stod h\u00f8jt p\u00e5 listen. Der boede Erik med sin familie i flere \u00e5r, og hvad Erik ikke har v\u00e6ret besk\u00e6ftiget med, vil blive en for lang historie her, men han var altid grundig med sine projekter og vandt derfor stor tillid og respekt hvor han kom frem.<\/p>\n\n\n\n<p>Erik var ogs\u00e5 medstifter af Maritimhistorisk Selskab, og virkede i bestyrelsen i mange \u00e5r inden han i en alder af 87 \u00e5r valgte at tr\u00e6de et skridt tilbage, men fortsatte som sekret\u00e6r.<\/p>\n\n\n\n<p>Hans store arbejdsindsats og viden var meget v\u00e6rdsat og han var en af hj\u00f8rnestenene i selskabet. Erik gjorde, at selskabet indgik i mange sp\u00e6ndende projekter, ogs\u00e5 her var det ham der fik etableret et kanonlaug, hvor han kunne bruge sin store viden om krudt og kanoner.<\/p>\n\n\n\n<p>Erik har ydet en k\u00e6mpeindsats i forbindelse med etablering af Radarbunker Thybor\u00f8n som museum. Hans viden fra museumsverdenen var med til at der blev etableret dette sp\u00e6ndende museum i det gamle bunkeranl\u00e6g.<\/p>\n\n\n\n<p>Erik var sprogm\u00e6ssigt en ener, som mestrede flere sprog men ogs\u00e5 hans sproglige finurligheder vakte respekt og lunede med den fine humor. Dette bragte ham vidt omkring og i forbindelse med flere kendte personer i verden.<\/p>\n\n\n\n<p>Vore tanker g\u00e5r nu til Eriks familie, her t\u00e6nker vi meget p\u00e5 Bente som altid stod ved hans side, og ogs\u00e5 ydede en stor indsats i Maritimhistorisk Selskab.<\/p>\n\n\n\n<p>Erik vil v\u00e6re savnet i vort selskab, og aldrig vil han blive glemt.<\/p>\n\n\n\n<p>\u00c6ret v\u00e6re Erik minde.<\/p>\n\n\n\n<p>Svend Nielsen<br>formand<br>Maritimhistorisk Selskab<br>Radarbunker Thybor\u00f8n.<\/p>\n\n\n\n<p><\/p>\n\n\n\n<p><\/p>\n\n\n\n<div data-wp-interactive=\"core\/file\" class=\"wp-block-file\"><object data-wp-bind--hidden=\"!state.hasPdfPreview\" hidden class=\"wp-block-file__embed\" data=\"https:\/\/maritimhistorisk.dk\/wp-content\/uploads\/2026\/03\/huskat-marts-26.pdf\" type=\"application\/pdf\" style=\"width:100%;height:600px\" aria-label=\"Embed huskat-marts-26.\"><\/object><a id=\"wp-block-file--media-8ae8d555-eb41-4741-84d4-ef36aea31200\" href=\"https:\/\/maritimhistorisk.dk\/wp-content\/uploads\/2026\/03\/huskat-marts-26.pdf\">huskat-marts-26<\/a><a href=\"https:\/\/maritimhistorisk.dk\/wp-content\/uploads\/2026\/03\/huskat-marts-26.pdf\" class=\"wp-block-file__button wp-element-button\" download aria-describedby=\"wp-block-file--media-8ae8d555-eb41-4741-84d4-ef36aea31200\">Download<\/a><\/div>\n\n\n\n<div data-wp-interactive=\"core\/file\" class=\"wp-block-file\"><object data-wp-bind--hidden=\"!state.hasPdfPreview\" hidden class=\"wp-block-file__embed\" data=\"https:\/\/maritimhistorisk.dk\/wp-content\/uploads\/2026\/01\/Brev-til-Medlemmer-2026.pdf\" type=\"application\/pdf\" style=\"width:100%;height:600px\" aria-label=\"Embed Brev til Medlemmer 2026.\"><\/object><a id=\"wp-block-file--media-4057ccd5-087f-493f-88f9-848fb034d8ba\" href=\"https:\/\/maritimhistorisk.dk\/wp-content\/uploads\/2026\/01\/Brev-til-Medlemmer-2026.pdf\">Brev til Medlemmer 2026<\/a><a href=\"https:\/\/maritimhistorisk.dk\/wp-content\/uploads\/2026\/01\/Brev-til-Medlemmer-2026.pdf\" class=\"wp-block-file__button wp-element-button\" download aria-describedby=\"wp-block-file--media-4057ccd5-087f-493f-88f9-848fb034d8ba\">Download<\/a><\/div>\n\n\n\n<div data-wp-interactive=\"core\/file\" class=\"wp-block-file\"><object data-wp-bind--hidden=\"!state.hasPdfPreview\" hidden class=\"wp-block-file__embed\" data=\"https:\/\/maritimhistorisk.dk\/wp-content\/uploads\/2026\/01\/huskat-jan-26.pdf\" type=\"application\/pdf\" style=\"width:100%;height:600px\" aria-label=\"Embed huskat-jan-26.\"><\/object><a id=\"wp-block-file--media-9ac05977-4141-41ca-a764-17306cc53815\" href=\"https:\/\/maritimhistorisk.dk\/wp-content\/uploads\/2026\/01\/huskat-jan-26.pdf\">huskat-jan-26<\/a><a href=\"https:\/\/maritimhistorisk.dk\/wp-content\/uploads\/2026\/01\/huskat-jan-26.pdf\" class=\"wp-block-file__button wp-element-button\" download aria-describedby=\"wp-block-file--media-9ac05977-4141-41ca-a764-17306cc53815\">Download<\/a><\/div>\n\n\n\n<p><\/p>\n\n\n\n<p><\/p>\n\n\n\n<h2 class=\"wp-block-heading\"><mark style=\"background-color:#f2f2f2\" class=\"has-inline-color has-black-color\"><br><br><\/mark>&nbsp;&nbsp;&nbsp;&nbsp;&nbsp;&nbsp;&nbsp;&nbsp;&nbsp;&nbsp;&nbsp;&nbsp;&nbsp;&nbsp;&nbsp;&nbsp;&nbsp;&nbsp;&nbsp;&nbsp;&nbsp;&nbsp;&nbsp;&nbsp;&nbsp;&nbsp;&nbsp;&nbsp;&nbsp;&nbsp;&nbsp;&nbsp;&nbsp;&nbsp;&nbsp;&nbsp;&nbsp;&nbsp;&nbsp;&nbsp;&nbsp;&nbsp;&nbsp;&nbsp;&nbsp;&nbsp;&nbsp;&nbsp;&nbsp;&nbsp;&nbsp;&nbsp;&nbsp;&nbsp;&nbsp;&nbsp;&nbsp;&nbsp;&nbsp;&nbsp;&nbsp;&nbsp;&nbsp;&nbsp;&nbsp;&nbsp;&nbsp;&nbsp;&nbsp;&nbsp;&nbsp;&nbsp;&nbsp;&nbsp;&nbsp;&nbsp;&nbsp;&nbsp;&nbsp;&nbsp; <br><\/h2>\n\n\n\n<p><\/p>\n","protected":false},"excerpt":{"rendered":"<p>Maritimhistorisk Selskab har som et af sine selvf\u00f8lgelige form\u00e5l at fremme interessen for den maritime historie.Det sker ved at arrangerer og holde foredrag samt udgivelse af et \u00e5rsskrift og andre relevante publikationer. Mindeord. Erik Rytter, Husbyer g\u00e5et bort. Erik sov stille ind p\u00e5 G\u00f8dstrup Hospital &hellip; <a href=\"https:\/\/maritimhistorisk.dk\/\" class=\"more-link\"><span>Continue reading<span class=\"screen-reader-text\">Velkommen.<\/span><\/span><\/a><\/p>\n","protected":false},"author":1,"featured_media":0,"parent":0,"menu_order":0,"comment_status":"closed","ping_status":"closed","template":"","meta":{"inline_featured_image":false,"ngg_post_thumbnail":0,"footnotes":"[]"},"class_list":["post-457","page","type-page","status-publish","hentry"],"_links":{"self":[{"href":"https:\/\/maritimhistorisk.dk\/index.php\/wp-json\/wp\/v2\/pages\/457","targetHints":{"allow":["GET"]}}],"collection":[{"href":"https:\/\/maritimhistorisk.dk\/index.php\/wp-json\/wp\/v2\/pages"}],"about":[{"href":"https:\/\/maritimhistorisk.dk\/index.php\/wp-json\/wp\/v2\/types\/page"}],"author":[{"embeddable":true,"href":"https:\/\/maritimhistorisk.dk\/index.php\/wp-json\/wp\/v2\/users\/1"}],"replies":[{"embeddable":true,"href":"https:\/\/maritimhistorisk.dk\/index.php\/wp-json\/wp\/v2\/comments?post=457"}],"version-history":[{"count":15,"href":"https:\/\/maritimhistorisk.dk\/index.php\/wp-json\/wp\/v2\/pages\/457\/revisions"}],"predecessor-version":[{"id":1388,"href":"https:\/\/maritimhistorisk.dk\/index.php\/wp-json\/wp\/v2\/pages\/457\/revisions\/1388"}],"wp:attachment":[{"href":"https:\/\/maritimhistorisk.dk\/index.php\/wp-json\/wp\/v2\/media?parent=457"}],"curies":[{"name":"wp","href":"https:\/\/api.w.org\/{rel}","templated":true}]}}